{"id":13756,"date":"2025-03-19T13:33:27","date_gmt":"2025-03-19T13:33:27","guid":{"rendered":"https:\/\/impekk.younasse.com\/a-propos\/"},"modified":"2026-04-10T00:01:28","modified_gmt":"2026-04-10T00:01:28","slug":"a-propos","status":"publish","type":"page","link":"https:\/\/impekk.younasse.com\/fr\/a-propos\/","title":{"rendered":"\u00c0 Propos"},"content":{"rendered":"\t\t<div data-elementor-type=\"wp-page\" data-elementor-id=\"13756\" class=\"elementor elementor-13756 elementor-10925\">\n\t\t\t\t<div class=\"elementor-element elementor-element-a9d6175 e-flex e-con-boxed e-con e-parent\" data-id=\"a9d6175\" data-element_type=\"container\" data-e-type=\"container\">\n\t\t\t\t\t<div class=\"e-con-inner\">\n\t\t<div class=\"elementor-element elementor-element-e19c53f e-con-full e-flex e-con e-child\" data-id=\"e19c53f\" data-element_type=\"container\" data-e-type=\"container\" data-settings=\"{&quot;background_background&quot;:&quot;classic&quot;}\">\n\t\t\t\t<div class=\"elementor-element elementor-element-56202f9 elementor-widget__width-initial elementor-invisible elementor-widget elementor-widget-heading\" data-id=\"56202f9\" data-element_type=\"widget\" data-e-type=\"widget\" data-settings=\"{&quot;_animation&quot;:&quot;rollIn&quot;}\" data-widget_type=\"heading.default\">\n\t\t\t\t\t<h2 class=\"elementor-heading-title elementor-size-default\">\u00c0 propos d'Impekk<\/h2>\t\t\t\t<\/div>\n\t\t\t\t<\/div>\n\t\t\t\t\t<\/div>\n\t\t\t\t<\/div>\n\t\t<div class=\"elementor-element elementor-element-f12b400 e-flex e-con-boxed e-con e-parent\" data-id=\"f12b400\" data-element_type=\"container\" data-e-type=\"container\">\n\t\t\t\t\t<div class=\"e-con-inner\">\n\t\t\t\t<div class=\"elementor-element elementor-element-2746e44 elementor-widget__width-initial elementor-hidden-desktop elementor-hidden-laptop elementor-hidden-tablet_extra elementor-hidden-tablet elementor-hidden-mobile elementor-widget elementor-widget-heading\" data-id=\"2746e44\" data-element_type=\"widget\" data-e-type=\"widget\" data-widget_type=\"heading.default\">\n\t\t\t\t\t<h3 class=\"elementor-heading-title elementor-size-default\">\u00c0 propos d'Impekk<\/h3>\t\t\t\t<\/div>\n\t\t\t\t<div class=\"elementor-element elementor-element-e1c31b7 elementor-widget__width-initial elementor-widget elementor-widget-text-editor\" data-id=\"e1c31b7\" data-element_type=\"widget\" data-e-type=\"widget\" data-widget_type=\"text-editor.default\">\n\t\t\t\t\t\t\t\t\t<p>Impekk est une entreprise r\u00e9cente mais d\u00e9j\u00e0 tr\u00e8s exp\u00e9riment\u00e9e, cr\u00e9\u00e9e en 2013. Les membres de notre \u00e9quipe cumulent \u00e0 eux tous plus de 100 ans d&#8217;exp\u00e9rience dans le secteur de la quincaillerie d&#8217;ameublement. Notre mission est de partager notre expertise en mati\u00e8re de mat\u00e9riel informatique, de proposer des solutions innovantes et cr\u00e9atives adapt\u00e9es aux besoins de nos clients et, surtout, d&#8217;offrir un service client irr\u00e9prochable. Notre si\u00e8ge social et nos principales installations sont situ\u00e9s \u00e0 Montr\u00e9al, au Qu\u00e9bec. Nous recherchons, d\u00e9veloppons, importons et distribuons des gammes de produits de qualit\u00e9 \u00e0 des prix comp\u00e9titifs. Nous sommes fiers de proposer un service professionnel et personnalis\u00e9, ainsi que de notre capacit\u00e9 av\u00e9r\u00e9e \u00e0 accompagner nos clients gr\u00e2ce \u00e0 nos connaissances et \u00e0 notre exp\u00e9rience du secteur. Nous fournissons des produits et des services de la plus haute qualit\u00e9 aux secteurs de l&#8217;ameublement, des cuisines et des salles de bains, et disposons d&#8217;une expertise particuli\u00e8re dans le domaine de la fabrication de lits escamotables.<\/p>\n<p>Impekk, un univers de solutions, service compris.<\/p>\n\t\t\t\t\t\t\t\t<\/div>\n\t\t\t\t\t<\/div>\n\t\t\t\t<\/div>\n\t\t<div class=\"elementor-element elementor-element-11b7159 e-flex e-con-boxed e-con e-parent\" data-id=\"11b7159\" data-element_type=\"container\" data-e-type=\"container\">\n\t\t\t\t\t<div class=\"e-con-inner\">\n\t\t\t\t<div class=\"elementor-element elementor-element-a00530d elementor-widget elementor-widget-heading\" data-id=\"a00530d\" data-element_type=\"widget\" data-e-type=\"widget\" data-widget_type=\"heading.default\">\n\t\t\t\t\t<h3 class=\"elementor-heading-title elementor-size-default\">Pourquoi choisir Impekk ?<\/h3>\t\t\t\t<\/div>\n\t\t\t\t\t<\/div>\n\t\t\t\t<\/div>\n\t\t<div class=\"elementor-element elementor-element-f9086e8 e-flex e-con-boxed e-con e-parent\" data-id=\"f9086e8\" data-element_type=\"container\" data-e-type=\"container\">\n\t\t\t\t\t<div class=\"e-con-inner\">\n\t\t<div class=\"elementor-element elementor-element-4fcb86d e-con-full e-flex elementor-invisible e-con e-child\" data-id=\"4fcb86d\" data-element_type=\"container\" data-e-type=\"container\" data-settings=\"{&quot;animation&quot;:&quot;fadeIn&quot;,&quot;animation_delay&quot;:100}\">\n\t\t\t\t<div class=\"elementor-element elementor-element-15ca3f1 elementor-widget elementor-widget-image\" data-id=\"15ca3f1\" data-element_type=\"widget\" data-e-type=\"widget\" data-widget_type=\"image.default\">\n\t\t\t\t\t\t\t\t\t\t\t\t\t\t\t<img fetchpriority=\"high\" decoding=\"async\" width=\"1080\" height=\"394\" src=\"https:\/\/impekk.younasse.com\/wp-content\/uploads\/2026\/03\/reliable-supply2.jpg\" class=\"attachment-full size-full wp-image-12550\" alt=\"Reliable Supply.\" srcset=\"https:\/\/impekk.younasse.com\/wp-content\/uploads\/2026\/03\/reliable-supply2.jpg 1080w, https:\/\/impekk.younasse.com\/wp-content\/uploads\/2026\/03\/reliable-supply2-300x109.jpg 300w, https:\/\/impekk.younasse.com\/wp-content\/uploads\/2026\/03\/reliable-supply2-1024x374.jpg 1024w, https:\/\/impekk.younasse.com\/wp-content\/uploads\/2026\/03\/reliable-supply2-768x280.jpg 768w, https:\/\/impekk.younasse.com\/wp-content\/uploads\/2026\/03\/reliable-supply2-900x328.jpg 900w, https:\/\/impekk.younasse.com\/wp-content\/uploads\/2026\/03\/reliable-supply2-548x200.jpg 548w\" sizes=\"(max-width: 1080px) 100vw, 1080px\" \/>\t\t\t\t\t\t\t\t\t\t\t\t\t\t\t<\/div>\n\t\t\t\t<div class=\"elementor-element elementor-element-92cb360 elementor-widget elementor-widget-text-editor\" data-id=\"92cb360\" data-element_type=\"widget\" data-e-type=\"widget\" data-widget_type=\"text-editor.default\">\n\t\t\t\t\t\t\t\t\t<p>Plus de 100 ans d&#8217;expertise<\/p>\n\t\t\t\t\t\t\t\t<\/div>\n\t\t\t\t<div class=\"elementor-element elementor-element-f9c15cc elementor-widget elementor-widget-text-editor\" data-id=\"f9c15cc\" data-element_type=\"widget\" data-e-type=\"widget\" data-widget_type=\"text-editor.default\">\n\t\t\t\t\t\t\t\t\t<p>Bien qu&#8217;elle ait \u00e9t\u00e9 fond\u00e9e en 2013, Impekk s&#8217;appuie sur plus d&#8217;un si\u00e8cle d&#8217;exp\u00e9rience cumul\u00e9e dans le secteur de la quincaillerie d&#8217;ameublement. Gr\u00e2ce \u00e0 l&#8217;expertise approfondie de notre \u00e9quipe, chacune de nos solutions est \u00e0 la fois innovante et fiable.<\/p>\n\t\t\t\t\t\t\t\t<\/div>\n\t\t\t\t<\/div>\n\t\t<div class=\"elementor-element elementor-element-0629cc8 e-con-full e-flex elementor-invisible e-con e-child\" data-id=\"0629cc8\" data-element_type=\"container\" data-e-type=\"container\" data-settings=\"{&quot;animation&quot;:&quot;fadeIn&quot;,&quot;animation_delay&quot;:200}\">\n\t\t\t\t<div class=\"elementor-element elementor-element-f9ecac0 elementor-widget elementor-widget-image\" data-id=\"f9ecac0\" data-element_type=\"widget\" data-e-type=\"widget\" data-widget_type=\"image.default\">\n\t\t\t\t\t\t\t\t\t\t\t\t\t\t\t<img decoding=\"async\" width=\"1080\" height=\"394\" src=\"https:\/\/impekk.younasse.com\/wp-content\/uploads\/2026\/03\/dedicated-services3.jpg\" class=\"attachment-full size-full wp-image-12565\" alt=\"Dedicated Service\" srcset=\"https:\/\/impekk.younasse.com\/wp-content\/uploads\/2026\/03\/dedicated-services3.jpg 1080w, https:\/\/impekk.younasse.com\/wp-content\/uploads\/2026\/03\/dedicated-services3-300x109.jpg 300w, https:\/\/impekk.younasse.com\/wp-content\/uploads\/2026\/03\/dedicated-services3-1024x374.jpg 1024w, https:\/\/impekk.younasse.com\/wp-content\/uploads\/2026\/03\/dedicated-services3-768x280.jpg 768w, https:\/\/impekk.younasse.com\/wp-content\/uploads\/2026\/03\/dedicated-services3-900x328.jpg 900w, https:\/\/impekk.younasse.com\/wp-content\/uploads\/2026\/03\/dedicated-services3-548x200.jpg 548w\" sizes=\"(max-width: 1080px) 100vw, 1080px\" \/>\t\t\t\t\t\t\t\t\t\t\t\t\t\t\t<\/div>\n\t\t\t\t<div class=\"elementor-element elementor-element-42acf2e elementor-widget elementor-widget-text-editor\" data-id=\"42acf2e\" data-element_type=\"widget\" data-e-type=\"widget\" data-widget_type=\"text-editor.default\">\n\t\t\t\t\t\t\t\t\t<p>Un service client irr\u00e9prochable<\/p>\n\t\t\t\t\t\t\t\t<\/div>\n\t\t\t\t<div class=\"elementor-element elementor-element-e0c1aed elementor-widget elementor-widget-text-editor\" data-id=\"e0c1aed\" data-element_type=\"widget\" data-e-type=\"widget\" data-widget_type=\"text-editor.default\">\n\t\t\t\t\t\t\t\t\t<p>Nous ne nous contentons pas de vendre des produits : nous tissons des liens. Notre mission est de proposer des solutions cr\u00e9atives et sur mesure, accompagn\u00e9es d&#8217;un service d&#8217;une qualit\u00e9 exceptionnelle. Chez Impekk, le service n&#8217;est pas simplement inclus : c&#8217;est notre marque de fabrique.<\/p>\n\t\t\t\t\t\t\t\t<\/div>\n\t\t\t\t<\/div>\n\t\t<div class=\"elementor-element elementor-element-9646492 e-con-full e-flex elementor-invisible e-con e-child\" data-id=\"9646492\" data-element_type=\"container\" data-e-type=\"container\" data-settings=\"{&quot;animation&quot;:&quot;fadeIn&quot;,&quot;animation_delay&quot;:300}\">\n\t\t\t\t<div class=\"elementor-element elementor-element-41501e6 elementor-widget elementor-widget-image\" data-id=\"41501e6\" data-element_type=\"widget\" data-e-type=\"widget\" data-widget_type=\"image.default\">\n\t\t\t\t\t\t\t\t\t\t\t\t\t\t\t<img decoding=\"async\" width=\"1080\" height=\"394\" src=\"https:\/\/impekk.younasse.com\/wp-content\/uploads\/2026\/03\/proudly-based-in-montreal.jpg\" class=\"attachment-full size-full wp-image-13369\" alt=\"\" srcset=\"https:\/\/impekk.younasse.com\/wp-content\/uploads\/2026\/03\/proudly-based-in-montreal.jpg 1080w, https:\/\/impekk.younasse.com\/wp-content\/uploads\/2026\/03\/proudly-based-in-montreal-300x109.jpg 300w, https:\/\/impekk.younasse.com\/wp-content\/uploads\/2026\/03\/proudly-based-in-montreal-1024x374.jpg 1024w, https:\/\/impekk.younasse.com\/wp-content\/uploads\/2026\/03\/proudly-based-in-montreal-768x280.jpg 768w, https:\/\/impekk.younasse.com\/wp-content\/uploads\/2026\/03\/proudly-based-in-montreal-900x328.jpg 900w, https:\/\/impekk.younasse.com\/wp-content\/uploads\/2026\/03\/proudly-based-in-montreal-548x200.jpg 548w\" sizes=\"(max-width: 1080px) 100vw, 1080px\" \/>\t\t\t\t\t\t\t\t\t\t\t\t\t\t\t<\/div>\n\t\t\t\t<div class=\"elementor-element elementor-element-aa8c3a9 elementor-widget elementor-widget-text-editor\" data-id=\"aa8c3a9\" data-element_type=\"widget\" data-e-type=\"widget\" data-widget_type=\"text-editor.default\">\n\t\t\t\t\t\t\t\t\t<p>Fi\u00e8rement \u00e9tablie \u00e0 Montr\u00e9al<\/p>\n\t\t\t\t\t\t\t\t<\/div>\n\t\t\t\t<div class=\"elementor-element elementor-element-dcd27ba elementor-widget elementor-widget-text-editor\" data-id=\"dcd27ba\" data-element_type=\"widget\" data-e-type=\"widget\" data-widget_type=\"text-editor.default\">\n\t\t\t\t\t\t\t\t\t<p>Depuis notre si\u00e8ge social situ\u00e9 \u00e0 Montr\u00e9al, au Qu\u00e9bec, nous s\u00e9lectionnons, d\u00e9veloppons et distribuons des produits de haute qualit\u00e9 dans toute l&#8217;Am\u00e9rique du Nord. Notre pr\u00e9sence locale est synonyme d&#8217;un accompagnement personnalis\u00e9 et d&#8217;un engagement envers l&#8217;excellence sur lequel vous pouvez compter.<\/p>\n\t\t\t\t\t\t\t\t<\/div>\n\t\t\t\t<\/div>\n\t\t<div class=\"elementor-element elementor-element-9289b1c e-con-full e-flex elementor-invisible e-con e-child\" data-id=\"9289b1c\" data-element_type=\"container\" data-e-type=\"container\" data-settings=\"{&quot;animation&quot;:&quot;fadeIn&quot;,&quot;animation_delay&quot;:400}\">\n\t\t\t\t<div class=\"elementor-element elementor-element-44352cf elementor-widget elementor-widget-image\" data-id=\"44352cf\" data-element_type=\"widget\" data-e-type=\"widget\" data-widget_type=\"image.default\">\n\t\t\t\t\t\t\t\t\t\t\t\t\t\t\t<img loading=\"lazy\" decoding=\"async\" width=\"1080\" height=\"394\" src=\"https:\/\/impekk.younasse.com\/wp-content\/uploads\/2026\/03\/price.jpg\" class=\"attachment-full size-full wp-image-13371\" alt=\"\" srcset=\"https:\/\/impekk.younasse.com\/wp-content\/uploads\/2026\/03\/price.jpg 1080w, https:\/\/impekk.younasse.com\/wp-content\/uploads\/2026\/03\/price-300x109.jpg 300w, https:\/\/impekk.younasse.com\/wp-content\/uploads\/2026\/03\/price-1024x374.jpg 1024w, https:\/\/impekk.younasse.com\/wp-content\/uploads\/2026\/03\/price-768x280.jpg 768w, https:\/\/impekk.younasse.com\/wp-content\/uploads\/2026\/03\/price-900x328.jpg 900w, https:\/\/impekk.younasse.com\/wp-content\/uploads\/2026\/03\/price-548x200.jpg 548w\" sizes=\"(max-width: 1080px) 100vw, 1080px\" \/>\t\t\t\t\t\t\t\t\t\t\t\t\t\t\t<\/div>\n\t\t\t\t<div class=\"elementor-element elementor-element-d30d10b elementor-widget elementor-widget-text-editor\" data-id=\"d30d10b\" data-element_type=\"widget\" data-e-type=\"widget\" data-widget_type=\"text-editor.default\">\n\t\t\t\t\t\t\t\t\t<p>La qualit\u00e9 au juste prix<\/p>\n\t\t\t\t\t\t\t\t<\/div>\n\t\t\t\t<div class=\"elementor-element elementor-element-9d21f70 elementor-widget elementor-widget-text-editor\" data-id=\"9d21f70\" data-element_type=\"widget\" data-e-type=\"widget\" data-widget_type=\"text-editor.default\">\n\t\t\t\t\t\t\t\t\t<p>Impekk propose des solutions adapt\u00e9es \u00e0 tous vos besoins en mati\u00e8re de fabrication de mobilier, aux prix les plus comp\u00e9titifs. De l&#8217;approvisionnement \u00e0 la distribution, nous proposons des produits de haute qualit\u00e9 adapt\u00e9s \u00e0 votre budget, sans faire de compromis sur les performances ni la fiabilit\u00e9.<\/p>\n\t\t\t\t\t\t\t\t<\/div>\n\t\t\t\t<\/div>\n\t\t\t\t\t<\/div>\n\t\t\t\t<\/div>\n\t\t<div class=\"elementor-element elementor-element-8a56ca3 e-flex e-con-boxed e-con e-parent\" data-id=\"8a56ca3\" data-element_type=\"container\" data-e-type=\"container\">\n\t\t\t\t\t<div class=\"e-con-inner\">\n\t\t<div class=\"elementor-element elementor-element-dadb182 e-flex e-con-boxed e-con e-child\" data-id=\"dadb182\" data-element_type=\"container\" data-e-type=\"container\">\n\t\t\t\t\t<div class=\"e-con-inner\">\n\t\t\t\t<div class=\"elementor-element elementor-element-13296f3 elementor-widget elementor-widget-shortcode\" data-id=\"13296f3\" data-element_type=\"widget\" data-e-type=\"widget\" data-widget_type=\"shortcode.default\">\n\t\t\t\t\t\t\t<div class=\"elementor-shortcode\"><div class=\"carousel-slider-outer carousel-slider-outer-image-carousel-url carousel-slider-outer-13804\" style=\"--carousel-slider-nav-color:#f1f1f1;--carousel-slider-active-nav-color:rgb(1,138,255);--carousel-slider-arrow-size:48px;--carousel-slider-bullet-size:10px\">\n<div id=\"&#039;id-13804\" class=\"carousel-slider carousel-slider-13804 arrows-visibility-hover dots-visibility-never arrows-inside dots-center dots-circle owl-carousel\" data-slide-type=\"image-carousel-url\" data-owl-settings='{\"nav\":true,\"dots\":false,\"slideBy\":1,\"stagePadding\":0,\"margin\":75,\"loop\":true,\"lazyLoad\":false,\"autoplay\":true,\"autoplayTimeout\":1500,\"autoplaySpeed\":1500,\"autoplayHoverPause\":true,\"autoWidth\":false,\"responsive\":{\"300\":{\"items\":1},\"576\":{\"items\":2},\"768\":{\"items\":2},\"1024\":{\"items\":3},\"1280\":{\"items\":6},\"1536\":{\"items\":7}}}'>\n<div class=\"carousel-slider__item\">\n\t<img decoding=\"async\" alt=\"\" src=\"https:\/\/impekk.younasse.com\/wp-content\/uploads\/logos\/dura-edge.png\" \/><\/div>\n<div class=\"carousel-slider__item\">\n\t<img decoding=\"async\" alt=\"\" src=\"https:\/\/impekk.younasse.com\/wp-content\/uploads\/logos\/emagn-designs.png\" \/><\/div>\n<div class=\"carousel-slider__item\">\n\t<img decoding=\"async\" alt=\"\" src=\"https:\/\/impekk.younasse.com\/wp-content\/uploads\/logos\/evok.png\" \/><\/div>\n<div class=\"carousel-slider__item\">\n\t<img decoding=\"async\" alt=\"\" src=\"https:\/\/impekk.younasse.com\/wp-content\/uploads\/logos\/helmitin-adhesives.png\" \/><\/div>\n<div class=\"carousel-slider__item\">\n\t<img decoding=\"async\" alt=\"\" src=\"https:\/\/impekk.younasse.com\/wp-content\/uploads\/logos\/ibex.png\" \/><\/div>\n<div class=\"carousel-slider__item\">\n\t<img decoding=\"async\" alt=\"\" src=\"https:\/\/impekk.younasse.com\/wp-content\/uploads\/logos\/jowat.png\" \/><\/div>\n<div class=\"carousel-slider__item\">\n\t<img decoding=\"async\" alt=\"\" src=\"https:\/\/impekk.younasse.com\/wp-content\/uploads\/logos\/king-slide.png\" \/><\/div>\n<div class=\"carousel-slider__item\">\n\t<img decoding=\"async\" alt=\"\" src=\"https:\/\/impekk.younasse.com\/wp-content\/uploads\/logos\/obispa.png\" \/><\/div>\n<div class=\"carousel-slider__item\">\n\t<img decoding=\"async\" alt=\"\" src=\"https:\/\/impekk.younasse.com\/wp-content\/uploads\/logos\/ojmar.png\" \/><\/div>\n<div class=\"carousel-slider__item\">\n\t<img decoding=\"async\" alt=\"\" src=\"https:\/\/impekk.younasse.com\/wp-content\/uploads\/logos\/qline.png\" \/><\/div>\n<div class=\"carousel-slider__item\">\n\t<img decoding=\"async\" alt=\"\" src=\"https:\/\/impekk.younasse.com\/wp-content\/uploads\/logos\/salice.png\" \/><\/div>\n<div class=\"carousel-slider__item\">\n\t<img decoding=\"async\" alt=\"\" src=\"https:\/\/impekk.younasse.com\/wp-content\/uploads\/logos\/sugatsune.png\" \/><\/div>\n<\/div><!-- .carousel-slider-13804 -->\n<\/div><!-- .carousel-slider-outer-13804 -->\n<\/div>\n\t\t\t\t\t\t<\/div>\n\t\t\t\t\t<\/div>\n\t\t\t\t<\/div>\n\t\t\t\t\t<\/div>\n\t\t\t\t<\/div>\n\t\t<div class=\"elementor-element elementor-element-f7a62bb e-flex e-con-boxed e-con e-parent\" data-id=\"f7a62bb\" data-element_type=\"container\" data-e-type=\"container\" data-settings=\"{&quot;background_background&quot;:&quot;gradient&quot;}\">\n\t\t\t\t\t<div class=\"e-con-inner\">\n\t\t\t\t<div class=\"elementor-element elementor-element-8a924dd elementor-invisible elementor-widget elementor-widget-ts-mailchimp\" data-id=\"8a924dd\" data-element_type=\"widget\" data-e-type=\"widget\" data-settings=\"{&quot;_animation&quot;:&quot;flash&quot;,&quot;_animation_delay&quot;:100}\" data-widget_type=\"ts-mailchimp.default\">\n\t\t\t\t<div class=\"elementor-widget-container\">\n\t\t\t\t\t<div class=\"ts-mailchimp-subscription-shortcode direction-row form-direction-row button-text\" ><section class=\"widget-container mailchimp-subscription\"><div class=\"widget-title-wrapper\"><h3 class=\"widget-title heading-title\">Restez inform\u00e9 de nos nouveaux produits et de nos promotions !<\/h3><\/div>\t\t\t<div class=\"subscribe-widget\">\n\t\t\t\t\t\t\t\t\n\t\t\t\t<script>(function() {\n\twindow.mc4wp = window.mc4wp || {\n\t\tlisteners: [],\n\t\tforms: {\n\t\t\ton: function(evt, cb) {\n\t\t\t\twindow.mc4wp.listeners.push(\n\t\t\t\t\t{\n\t\t\t\t\t\tevent   : evt,\n\t\t\t\t\t\tcallback: cb\n\t\t\t\t\t}\n\t\t\t\t);\n\t\t\t}\n\t\t}\n\t}\n})();\n<\/script><!-- Mailchimp for WordPress v4.12.1 - https:\/\/wordpress.org\/plugins\/mailchimp-for-wp\/ --><form id=\"mc4wp-form-1\" class=\"mc4wp-form mc4wp-form-348 mc4wp-form-theme mc4wp-form-theme-light\" method=\"post\" data-id=\"348\" data-name=\"Subscription Form\" ><div class=\"mc4wp-form-fields\"><div class=\"subscribe-email\">\r\n\t<input type=\"email\" name=\"EMAIL\" placeholder=\"Your address e-mail\" required \/>\t\r\n  <button class=\"button\" type=\"submit\"><span>Subscribe<\/span><\/button>\r\n<\/div><\/div><label style=\"display: none !important;\">Laissez ce champ vide si vous \u00eates humain\u00a0: <input type=\"text\" name=\"_mc4wp_honeypot\" value=\"\" tabindex=\"-1\" autocomplete=\"off\" \/><\/label><input type=\"hidden\" name=\"_mc4wp_timestamp\" value=\"1776432495\" \/><input type=\"hidden\" name=\"_mc4wp_form_id\" value=\"348\" \/><input type=\"hidden\" name=\"_mc4wp_form_element_id\" value=\"mc4wp-form-1\" \/><div class=\"mc4wp-response\"><\/div><\/form><!-- \/ Mailchimp for WordPress Plugin -->\t\t\t<\/div>\n\n\t\t\t<\/section><\/div>\t\t\t\t<\/div>\n\t\t\t\t<\/div>\n\t\t\t\t\t<\/div>\n\t\t\t\t<\/div>\n\t\t\t\t<\/div>\n\t\t","protected":false},"excerpt":{"rendered":"<p>\u00c0 propos d&#8217;Impekk \u00c0 propos d&#8217;Impekk Impekk est une entreprise r\u00e9cente mais d\u00e9j\u00e0 tr\u00e8s exp\u00e9riment\u00e9e, cr\u00e9\u00e9e en 2013. Les membres de notre \u00e9quipe cumulent \u00e0 eux tous plus de 100 ans d&#8217;exp\u00e9rience dans le secteur de la quincaillerie d&#8217;ameublement. Notre mission est de partager notre expertise en mati\u00e8re de mat\u00e9riel informatique, de proposer des solutions [&hellip;]<\/p>\n","protected":false},"author":1,"featured_media":0,"parent":0,"menu_order":0,"comment_status":"closed","ping_status":"closed","template":"","meta":{"_monsterinsights_skip_tracking":false,"_monsterinsights_sitenote_active":false,"_monsterinsights_sitenote_note":"","_monsterinsights_sitenote_category":0,"footnotes":""},"class_list":["post-13756","page","type-page","status-publish","hentry"],"aioseo_notices":[],"_hostinger_reach_plugin_has_subscription_block":false,"_hostinger_reach_plugin_is_elementor":false,"_links":{"self":[{"href":"https:\/\/impekk.younasse.com\/fr\/wp-json\/wp\/v2\/pages\/13756","targetHints":{"allow":["GET"]}}],"collection":[{"href":"https:\/\/impekk.younasse.com\/fr\/wp-json\/wp\/v2\/pages"}],"about":[{"href":"https:\/\/impekk.younasse.com\/fr\/wp-json\/wp\/v2\/types\/page"}],"author":[{"embeddable":true,"href":"https:\/\/impekk.younasse.com\/fr\/wp-json\/wp\/v2\/users\/1"}],"replies":[{"embeddable":true,"href":"https:\/\/impekk.younasse.com\/fr\/wp-json\/wp\/v2\/comments?post=13756"}],"version-history":[{"count":16,"href":"https:\/\/impekk.younasse.com\/fr\/wp-json\/wp\/v2\/pages\/13756\/revisions"}],"predecessor-version":[{"id":13850,"href":"https:\/\/impekk.younasse.com\/fr\/wp-json\/wp\/v2\/pages\/13756\/revisions\/13850"}],"wp:attachment":[{"href":"https:\/\/impekk.younasse.com\/fr\/wp-json\/wp\/v2\/media?parent=13756"}],"curies":[{"name":"wp","href":"https:\/\/api.w.org\/{rel}","templated":true}]}}