{"id":14100,"date":"2026-04-18T16:45:38","date_gmt":"2026-04-18T16:45:38","guid":{"rendered":"https:\/\/impekk.younasse.com\/conception\/"},"modified":"2026-04-18T17:20:26","modified_gmt":"2026-04-18T17:20:26","slug":"conception","status":"publish","type":"page","link":"https:\/\/impekk.younasse.com\/fr\/conception\/","title":{"rendered":"Conception"},"content":{"rendered":"\t\t<div data-elementor-type=\"wp-page\" data-elementor-id=\"14100\" class=\"elementor elementor-14100 elementor-14077\">\n\t\t\t\t<div class=\"elementor-element elementor-element-a9d6175 e-con-full e-flex e-con e-parent\" data-id=\"a9d6175\" data-element_type=\"container\" data-e-type=\"container\">\n\t\t<div class=\"elementor-element elementor-element-e19c53f e-con-full e-flex e-con e-child\" data-id=\"e19c53f\" data-element_type=\"container\" data-e-type=\"container\" data-settings=\"{&quot;background_background&quot;:&quot;classic&quot;}\">\n\t\t\t\t<div class=\"elementor-element elementor-element-56202f9 elementor-widget__width-initial elementor-invisible elementor-widget elementor-widget-heading\" data-id=\"56202f9\" data-element_type=\"widget\" data-e-type=\"widget\" data-settings=\"{&quot;_animation&quot;:&quot;rollIn&quot;}\" data-widget_type=\"heading.default\">\n\t\t\t\t\t<h2 class=\"elementor-heading-title elementor-size-default\">Conception<\/h2>\t\t\t\t<\/div>\n\t\t\t\t<\/div>\n\t\t\t\t<\/div>\n\t\t<div class=\"elementor-element elementor-element-ab035ce e-flex e-con-boxed e-con e-parent\" data-id=\"ab035ce\" data-element_type=\"container\" data-e-type=\"container\">\n\t\t\t\t\t<div class=\"e-con-inner\">\n\t\t<div class=\"elementor-element elementor-element-22f97d9 e-con-full e-flex e-con e-child\" data-id=\"22f97d9\" data-element_type=\"container\" data-e-type=\"container\">\n\t\t\t\t<div class=\"elementor-element elementor-element-73a6cf6 elementor-widget elementor-widget-heading\" data-id=\"73a6cf6\" data-element_type=\"widget\" data-e-type=\"widget\" data-widget_type=\"heading.default\">\n\t\t\t\t\t<h2 class=\"elementor-heading-title elementor-size-default\">Vous avez une id\u00e9e de conception ?<\/h2>\t\t\t\t<\/div>\n\t\t\t\t<div class=\"elementor-element elementor-element-9d4fe29 elementor-widget elementor-widget-text-editor\" data-id=\"9d4fe29\" data-element_type=\"widget\" data-e-type=\"widget\" data-widget_type=\"text-editor.default\">\n\t\t\t\t\t\t\t\t\t<p>Vous avez un projet, une id\u00e9e, un concept ou simplement un probl\u00e8me de fabrication ? Notre \u00e9quipe peut vous aider dans la conception du produit et de son emballage, ainsi que pour l&#8217;approvisionnement et le contr\u00f4le qualit\u00e9. Nous avons \u00e0 c\u0153ur de travailler en partenariat avec nos clients afin de les aider \u00e0 atteindre leur plein potentiel. La confidentialit\u00e9, tant pendant qu&#8217;apr\u00e8s la phase de d\u00e9veloppement, est pour nous d&#8217;une importance capitale, et nous sommes fiers de collaborer quotidiennement avec de grands acteurs du secteur pour r\u00e9pondre \u00e0 leurs besoins en mati\u00e8re de conception sur mesure.<\/p>\n\t\t\t\t\t\t\t\t<\/div>\n\t\t\t\t<\/div>\n\t\t<div class=\"elementor-element elementor-element-4386069 e-con-full e-flex e-con e-child\" data-id=\"4386069\" data-element_type=\"container\" data-e-type=\"container\">\n\t\t\t\t<div class=\"elementor-element elementor-element-bdf01d2 elementor-widget elementor-widget-wpforms\" data-id=\"bdf01d2\" data-element_type=\"widget\" data-e-type=\"widget\" data-widget_type=\"wpforms.default\">\n\t\t\t\t<div class=\"elementor-widget-container\">\n\t\t\t\t\t<div class=\"wpforms-container wpforms-container-full wpforms-render-modern\" id=\"wpforms-14086\"><form id=\"wpforms-form-14086\" class=\"wpforms-validate wpforms-form wpforms-ajax-form\" data-formid=\"14086\" method=\"post\" enctype=\"multipart\/form-data\" action=\"\/fr\/wp-json\/wp\/v2\/pages\/14100\" data-token=\"1b21912956aeae1adcc85fd09cf37024\" data-token-time=\"1776601471\"><noscript class=\"wpforms-error-noscript\">Veuillez activer JavaScript dans votre navigateur pour remplir ce formulaire.<\/noscript><div id=\"wpforms-error-noscript\" style=\"display: none;\">Veuillez activer JavaScript dans votre navigateur pour remplir ce formulaire.<\/div><div class=\"wpforms-field-container\"><div id=\"wpforms-14086-field_1-container\" class=\"wpforms-field wpforms-field-name\" data-field-id=\"1\"><fieldset><legend class=\"wpforms-field-label\">Nom &amp; Pr\u00e9nom <span class=\"wpforms-required-label\" aria-hidden=\"true\">*<\/span><\/legend><div class=\"wpforms-field-row wpforms-field-medium\"><div class=\"wpforms-field-row-block wpforms-first wpforms-one-half\"><input type=\"text\" id=\"wpforms-14086-field_1\" class=\"wpforms-field-name-first wpforms-field-required\" name=\"wpforms[fields][1][first]\" aria-errormessage=\"wpforms-14086-field_1-error\" required><label for=\"wpforms-14086-field_1\" class=\"wpforms-field-sublabel after\">Pr\u00e9nom<\/label><\/div><div class=\"wpforms-field-row-block wpforms-one-half\"><input type=\"text\" id=\"wpforms-14086-field_1-last\" class=\"wpforms-field-name-last wpforms-field-required\" name=\"wpforms[fields][1][last]\" aria-errormessage=\"wpforms-14086-field_1-last-error\" required><label for=\"wpforms-14086-field_1-last\" class=\"wpforms-field-sublabel after\">Nom de famille<\/label><\/div><\/div><\/fieldset><\/div>\t\t<div id=\"wpforms-14086-field_4-container\"\n\t\t\tclass=\"wpforms-field wpforms-field-text\"\n\t\t\tdata-field-type=\"text\"\n\t\t\tdata-field-id=\"4\"\n\t\t\t>\n\t\t\t<label class=\"wpforms-field-label\" for=\"wpforms-14086-field_4\" >&amp; Num\u00e9ro sur<\/label>\n\t\t\t<input type=\"text\" id=\"wpforms-14086-field_4\" class=\"wpforms-field-medium\" name=\"wpforms[fields][4]\" >\n\t\t<\/div>\n\t\t<div id=\"wpforms-14086-field_6-container\" class=\"wpforms-field wpforms-field-text\" data-field-id=\"6\"><label class=\"wpforms-field-label\" for=\"wpforms-14086-field_6\">Num\u00e9ro de t\u00e9l\u00e9phone <span class=\"wpforms-required-label\" aria-hidden=\"true\">*<\/span><\/label><input type=\"text\" id=\"wpforms-14086-field_6\" class=\"wpforms-field-medium wpforms-field-required\" name=\"wpforms[fields][6]\" aria-errormessage=\"wpforms-14086-field_6-error\" required><\/div><div id=\"wpforms-14086-field_2-container\" class=\"wpforms-field wpforms-field-email\" data-field-id=\"2\"><label class=\"wpforms-field-label\" for=\"wpforms-14086-field_2\">Courriel <span class=\"wpforms-required-label\" aria-hidden=\"true\">*<\/span><\/label><input type=\"email\" id=\"wpforms-14086-field_2\" class=\"wpforms-field-medium wpforms-field-required\" name=\"wpforms[fields][2]\" spellcheck=\"false\" aria-errormessage=\"wpforms-14086-field_2-error\" required><\/div><div id=\"wpforms-14086-field_3-container\" class=\"wpforms-field wpforms-field-textarea\" data-field-id=\"3\"><label class=\"wpforms-field-label\" for=\"wpforms-14086-field_3\">Informations sur votre projet <span class=\"wpforms-required-label\" aria-hidden=\"true\">*<\/span><\/label><textarea id=\"wpforms-14086-field_3\" class=\"wpforms-field-medium wpforms-field-required\" name=\"wpforms[fields][3]\" aria-errormessage=\"wpforms-14086-field_3-error\" required><\/textarea><\/div><script>\n\t\t\t\t( function() {\n\t\t\t\t\tconst style = document.createElement( 'style' );\n\t\t\t\t\tstyle.appendChild( document.createTextNode( '#wpforms-14086-field_4-container { position: absolute !important; overflow: hidden !important; display: inline !important; height: 1px !important; width: 1px !important; z-index: -1000 !important; padding: 0 !important; } #wpforms-14086-field_4-container input { visibility: hidden; } #wpforms-conversational-form-page #wpforms-14086-field_4-container label { counter-increment: none; }' ) );\n\t\t\t\t\tdocument.head.appendChild( style );\n\t\t\t\t\tdocument.currentScript?.remove();\n\t\t\t\t} )();\n\t\t\t<\/script><\/div><!-- .wpforms-field-container --><div class=\"wpforms-submit-container\" ><input type=\"hidden\" name=\"wpforms[id]\" value=\"14086\"><input type=\"hidden\" name=\"page_title\" value=\"\"><input type=\"hidden\" name=\"page_url\" value=\"https:\/\/impekk.younasse.com\/fr\/wp-json\/wp\/v2\/pages\/14100\"><input type=\"hidden\" name=\"url_referer\" value=\"\"><button type=\"submit\" name=\"wpforms[submit]\" id=\"wpforms-submit-14086\" class=\"wpforms-submit\" data-alt-text=\"Sending...\" data-submit-text=\"Envoyer le projet\" aria-live=\"assertive\" value=\"wpforms-submit\">Envoyer le projet<\/button><img decoding=\"async\" src=\"https:\/\/impekk.younasse.com\/wp-content\/plugins\/wpforms-lite\/assets\/images\/submit-spin.svg\" class=\"wpforms-submit-spinner\" style=\"display: none;\" width=\"26\" height=\"26\" alt=\"Chargement en cours\"><\/div><\/form><\/div>  <!-- .wpforms-container -->\t\t\t\t<\/div>\n\t\t\t\t<\/div>\n\t\t\t\t<\/div>\n\t\t\t\t\t<\/div>\n\t\t\t\t<\/div>\n\t\t<div class=\"elementor-element elementor-element-f7a62bb e-flex e-con-boxed e-con e-parent\" data-id=\"f7a62bb\" data-element_type=\"container\" data-e-type=\"container\" data-settings=\"{&quot;background_background&quot;:&quot;gradient&quot;}\">\n\t\t\t\t\t<div class=\"e-con-inner\">\n\t\t\t\t<div class=\"elementor-element elementor-element-8a924dd elementor-invisible elementor-widget elementor-widget-ts-mailchimp\" data-id=\"8a924dd\" data-element_type=\"widget\" data-e-type=\"widget\" data-settings=\"{&quot;_animation&quot;:&quot;flash&quot;,&quot;_animation_delay&quot;:100}\" data-widget_type=\"ts-mailchimp.default\">\n\t\t\t\t<div class=\"elementor-widget-container\">\n\t\t\t\t\t<div class=\"ts-mailchimp-subscription-shortcode direction-row form-direction-row button-text\" ><section class=\"widget-container mailchimp-subscription\"><div class=\"widget-title-wrapper\"><h3 class=\"widget-title heading-title\">Restez inform\u00e9 de nos nouveaux produits et de nos promotions !<\/h3><\/div>\t\t\t<div class=\"subscribe-widget\">\n\t\t\t\t\t\t\t\t\n\t\t\t\t<script>(function() {\n\twindow.mc4wp = window.mc4wp || {\n\t\tlisteners: [],\n\t\tforms: {\n\t\t\ton: function(evt, cb) {\n\t\t\t\twindow.mc4wp.listeners.push(\n\t\t\t\t\t{\n\t\t\t\t\t\tevent   : evt,\n\t\t\t\t\t\tcallback: cb\n\t\t\t\t\t}\n\t\t\t\t);\n\t\t\t}\n\t\t}\n\t}\n})();\n<\/script><!-- Mailchimp for WordPress v4.12.1 - https:\/\/wordpress.org\/plugins\/mailchimp-for-wp\/ --><form id=\"mc4wp-form-1\" class=\"mc4wp-form mc4wp-form-348 mc4wp-form-theme mc4wp-form-theme-light\" method=\"post\" data-id=\"348\" data-name=\"Subscription Form\" ><div class=\"mc4wp-form-fields\"><div class=\"subscribe-email\">\r\n\t<input type=\"email\" name=\"EMAIL\" placeholder=\"Your address e-mail\" required \/>\t\r\n  <button class=\"button\" type=\"submit\"><span>Subscribe<\/span><\/button>\r\n<\/div><\/div><label style=\"display: none !important;\">Laissez ce champ vide si vous \u00eates humain\u00a0: <input type=\"text\" name=\"_mc4wp_honeypot\" value=\"\" tabindex=\"-1\" autocomplete=\"off\" \/><\/label><input type=\"hidden\" name=\"_mc4wp_timestamp\" value=\"1776601471\" \/><input type=\"hidden\" name=\"_mc4wp_form_id\" value=\"348\" \/><input type=\"hidden\" name=\"_mc4wp_form_element_id\" value=\"mc4wp-form-1\" \/><div class=\"mc4wp-response\"><\/div><\/form><!-- \/ Mailchimp for WordPress Plugin -->\t\t\t<\/div>\n\n\t\t\t<\/section><\/div>\t\t\t\t<\/div>\n\t\t\t\t<\/div>\n\t\t\t\t\t<\/div>\n\t\t\t\t<\/div>\n\t\t\t\t<\/div>\n\t\t","protected":false},"excerpt":{"rendered":"<p>Conception Vous avez une id\u00e9e de conception ? Vous avez un projet, une id\u00e9e, un concept ou simplement un probl\u00e8me de fabrication ? Notre \u00e9quipe peut vous aider dans la conception du produit et de son emballage, ainsi que pour l&#8217;approvisionnement et le contr\u00f4le qualit\u00e9. Nous avons \u00e0 c\u0153ur de travailler en partenariat avec nos [&hellip;]<\/p>\n","protected":false},"author":1,"featured_media":0,"parent":0,"menu_order":0,"comment_status":"closed","ping_status":"closed","template":"","meta":{"_monsterinsights_skip_tracking":false,"_monsterinsights_sitenote_active":false,"_monsterinsights_sitenote_note":"","_monsterinsights_sitenote_category":0,"footnotes":""},"class_list":["post-14100","page","type-page","status-publish","hentry"],"aioseo_notices":[],"_hostinger_reach_plugin_has_subscription_block":false,"_hostinger_reach_plugin_is_elementor":false,"_links":{"self":[{"href":"https:\/\/impekk.younasse.com\/fr\/wp-json\/wp\/v2\/pages\/14100","targetHints":{"allow":["GET"]}}],"collection":[{"href":"https:\/\/impekk.younasse.com\/fr\/wp-json\/wp\/v2\/pages"}],"about":[{"href":"https:\/\/impekk.younasse.com\/fr\/wp-json\/wp\/v2\/types\/page"}],"author":[{"embeddable":true,"href":"https:\/\/impekk.younasse.com\/fr\/wp-json\/wp\/v2\/users\/1"}],"replies":[{"embeddable":true,"href":"https:\/\/impekk.younasse.com\/fr\/wp-json\/wp\/v2\/comments?post=14100"}],"version-history":[{"count":3,"href":"https:\/\/impekk.younasse.com\/fr\/wp-json\/wp\/v2\/pages\/14100\/revisions"}],"predecessor-version":[{"id":14104,"href":"https:\/\/impekk.younasse.com\/fr\/wp-json\/wp\/v2\/pages\/14100\/revisions\/14104"}],"wp:attachment":[{"href":"https:\/\/impekk.younasse.com\/fr\/wp-json\/wp\/v2\/media?parent=14100"}],"curies":[{"name":"wp","href":"https:\/\/api.w.org\/{rel}","templated":true}]}}