{"id":13795,"date":"2026-03-29T16:55:53","date_gmt":"2026-03-29T16:55:53","guid":{"rendered":"https:\/\/impekk.younasse.com\/product\/alza\/"},"modified":"2026-04-05T19:50:54","modified_gmt":"2026-04-05T19:50:54","slug":"alza","status":"publish","type":"product","link":"https:\/\/impekk.younasse.com\/fr\/produit\/alza\/","title":{"rendered":"Alza"},"content":{"rendered":"\t\t<div data-elementor-type=\"wp-post\" data-elementor-id=\"13795\" class=\"elementor elementor-13795 elementor-13031\">\n\t\t\t\t<div class=\"elementor-element elementor-element-8104201 e-flex e-con-boxed e-con e-parent\" data-id=\"8104201\" data-element_type=\"container\" data-e-type=\"container\">\n\t\t\t\t\t<div class=\"e-con-inner\">\n\t\t<div class=\"elementor-element elementor-element-9f6f6fa e-con-full e-flex e-con e-child\" data-id=\"9f6f6fa\" data-element_type=\"container\" data-e-type=\"container\" data-settings=\"{&quot;background_background&quot;:&quot;classic&quot;}\">\n\t\t\t\t<div class=\"elementor-element elementor-element-bb13fb4 elementor-widget elementor-widget-heading\" data-id=\"bb13fb4\" data-element_type=\"widget\" data-e-type=\"widget\" data-widget_type=\"heading.default\">\n\t\t\t\t\t<h3 class=\"elementor-heading-title elementor-size-default\">Canap\u00e9s<\/h3>\t\t\t\t<\/div>\n\t\t\t\t<div class=\"elementor-element elementor-element-819d0f4 elementor-widget__width-initial elementor-widget elementor-widget-heading\" data-id=\"819d0f4\" data-element_type=\"widget\" data-e-type=\"widget\" data-widget_type=\"heading.default\">\n\t\t\t\t\t<div class=\"elementor-heading-title elementor-size-default\">Sp\u00e9cialis\u00e9 dans le mobilier artisanal fabriqu\u00e9 \u00e0 la main, alliant des techniques traditionnelles de menuiserie !<\/div>\t\t\t\t<\/div>\n\t\t\t\t<\/div>\n\t\t\t\t\t<\/div>\n\t\t\t\t<\/div>\n\t\t<div class=\"elementor-element elementor-element-cb9dfdb e-flex e-con-boxed e-con e-parent\" data-id=\"cb9dfdb\" data-element_type=\"container\" data-e-type=\"container\">\n\t\t\t\t\t<div class=\"e-con-inner\">\n\t\t\t\t<div class=\"elementor-element elementor-element-eb98836 elementor-widget__width-initial elementor-widget elementor-widget-heading\" data-id=\"eb98836\" data-element_type=\"widget\" data-e-type=\"widget\" data-widget_type=\"heading.default\">\n\t\t\t\t\t<h3 class=\"elementor-heading-title elementor-size-default\">Sp\u00e9cialis\u00e9 dans le mobilier artisanal fabriqu\u00e9 \u00e0 la main, alliant des techniques traditionnelles de menuiserie !<\/h3>\t\t\t\t<\/div>\n\t\t\t\t<div class=\"elementor-element elementor-element-71152ca elementor-widget__width-initial elementor-widget elementor-widget-text-editor\" data-id=\"71152ca\" data-element_type=\"widget\" data-e-type=\"widget\" data-widget_type=\"text-editor.default\">\n\t\t\t\t\t\t\t\t\t<p>Un design contemporain pour cr\u00e9er des pi\u00e8ces intemporelles qui apportent chaleur et caract\u00e8re \u00e0 n&#8217;importe quel espace.<\/p>\n\t\t\t\t\t\t\t\t<\/div>\n\t\t\t\t\t<\/div>\n\t\t\t\t<\/div>\n\t\t<div class=\"elementor-element elementor-element-782e8a3 e-flex e-con-boxed e-con e-parent\" data-id=\"782e8a3\" data-element_type=\"container\" data-e-type=\"container\">\n\t\t\t\t\t<div class=\"e-con-inner\">\n\t\t<div class=\"elementor-element elementor-element-89e611c e-con-full e-flex e-con e-child\" data-id=\"89e611c\" data-element_type=\"container\" data-e-type=\"container\">\n\t\t\t\t<div class=\"elementor-element elementor-element-7e6b951 elementor-view-default elementor-invisible elementor-widget elementor-widget-icon\" data-id=\"7e6b951\" data-element_type=\"widget\" data-e-type=\"widget\" data-settings=\"{&quot;_animation&quot;:&quot;rotateIn&quot;,&quot;_animation_delay&quot;:100}\" data-widget_type=\"icon.default\">\n\t\t\t\t\t\t\t<div class=\"elementor-icon-wrapper\">\n\t\t\t<div class=\"elementor-icon\">\n\t\t\t<i aria-hidden=\"true\" class=\"icomoon-icon icon-furniture-hammer\"><\/i>\t\t\t<\/div>\n\t\t<\/div>\n\t\t\t\t\t\t<\/div>\n\t\t\t\t<div class=\"elementor-element elementor-element-f07a460 elementor-widget elementor-widget-text-editor\" data-id=\"f07a460\" data-element_type=\"widget\" data-e-type=\"widget\" data-widget_type=\"text-editor.default\">\n\t\t\t\t\t\t\t\t\t<p>Un savoir-faire garanti<\/p>\n\t\t\t\t\t\t\t\t<\/div>\n\t\t\t\t<div class=\"elementor-element elementor-element-e49d9ad elementor-widget elementor-widget-heading\" data-id=\"e49d9ad\" data-element_type=\"widget\" data-e-type=\"widget\" data-widget_type=\"heading.default\">\n\t\t\t\t\t<h2 class=\"elementor-heading-title elementor-size-default\">Chaque pi\u00e8ce est minutieusement fabriqu\u00e9e \u00e0 la main par des artisans qualifi\u00e9s.<\/h2>\t\t\t\t<\/div>\n\t\t\t\t<\/div>\n\t\t<div class=\"elementor-element elementor-element-0dcaf63 e-con-full e-flex e-con e-child\" data-id=\"0dcaf63\" data-element_type=\"container\" data-e-type=\"container\">\n\t\t\t\t<div class=\"elementor-element elementor-element-73b63b3 elementor-view-default elementor-invisible elementor-widget elementor-widget-icon\" data-id=\"73b63b3\" data-element_type=\"widget\" data-e-type=\"widget\" data-settings=\"{&quot;_animation&quot;:&quot;rotateIn&quot;,&quot;_animation_delay&quot;:200}\" data-widget_type=\"icon.default\">\n\t\t\t\t\t\t\t<div class=\"elementor-icon-wrapper\">\n\t\t\t<div class=\"elementor-icon\">\n\t\t\t<i aria-hidden=\"true\" class=\"icomoon-icon icon-furniture-hand-holding-seedling\"><\/i>\t\t\t<\/div>\n\t\t<\/div>\n\t\t\t\t\t\t<\/div>\n\t\t\t\t<div class=\"elementor-element elementor-element-923a3fd elementor-widget elementor-widget-text-editor\" data-id=\"923a3fd\" data-element_type=\"widget\" data-e-type=\"widget\" data-widget_type=\"text-editor.default\">\n\t\t\t\t\t\t\t\t\t<p><em>La durabilit\u00e9 au c\u0153ur<\/em><\/p>\n\t\t\t\t\t\t\t\t<\/div>\n\t\t\t\t<\/div>\n\t\t<div class=\"elementor-element elementor-element-7ce4a29 e-con-full e-flex e-con e-child\" data-id=\"7ce4a29\" data-element_type=\"container\" data-e-type=\"container\">\n\t\t\t\t<div class=\"elementor-element elementor-element-49ab872 elementor-view-default elementor-invisible elementor-widget elementor-widget-icon\" data-id=\"49ab872\" data-element_type=\"widget\" data-e-type=\"widget\" data-settings=\"{&quot;_animation&quot;:&quot;rotateIn&quot;,&quot;_animation_delay&quot;:300}\" data-widget_type=\"icon.default\">\n\t\t\t\t\t\t\t<div class=\"elementor-icon-wrapper\">\n\t\t\t<div class=\"elementor-icon\">\n\t\t\t<i aria-hidden=\"true\" class=\"icomoon-icon icon-furniture-heart-hand-gesture\"><\/i>\t\t\t<\/div>\n\t\t<\/div>\n\t\t\t\t\t\t<\/div>\n\t\t\t\t<\/div>\n\t\t<div class=\"elementor-element elementor-element-992255a e-con-full e-flex e-con e-child\" data-id=\"992255a\" data-element_type=\"container\" data-e-type=\"container\">\n\t\t\t\t<div class=\"elementor-element elementor-element-e5960cf elementor-view-default elementor-invisible elementor-widget elementor-widget-icon\" data-id=\"e5960cf\" data-element_type=\"widget\" data-e-type=\"widget\" data-settings=\"{&quot;_animation&quot;:&quot;rotateIn&quot;,&quot;_animation_delay&quot;:400}\" data-widget_type=\"icon.default\">\n\t\t\t\t\t\t\t<div class=\"elementor-icon-wrapper\">\n\t\t\t<div class=\"elementor-icon\">\n\t\t\t<i aria-hidden=\"true\" class=\"icomoon-icon icon-furniture-couch\"><\/i>\t\t\t<\/div>\n\t\t<\/div>\n\t\t\t\t\t\t<\/div>\n\t\t\t\t<\/div>\n\t\t<div class=\"elementor-element elementor-element-44a8e14 e-con-full e-flex e-con e-child\" data-id=\"44a8e14\" data-element_type=\"container\" data-e-type=\"container\">\n\t\t\t\t<div class=\"elementor-element elementor-element-ce39ddf elementor-view-default elementor-invisible elementor-widget elementor-widget-icon\" data-id=\"ce39ddf\" data-element_type=\"widget\" data-e-type=\"widget\" data-settings=\"{&quot;_animation&quot;:&quot;rotateIn&quot;,&quot;_animation_delay&quot;:500}\" data-widget_type=\"icon.default\">\n\t\t\t\t\t\t\t<div class=\"elementor-icon-wrapper\">\n\t\t\t<div class=\"elementor-icon\">\n\t\t\t<i aria-hidden=\"true\" class=\"icomoon-icon icon-furniture-question-message-converted\"><\/i>\t\t\t<\/div>\n\t\t<\/div>\n\t\t\t\t\t\t<\/div>\n\t\t\t\t<\/div>\n\t\t\t\t\t<\/div>\n\t\t\t\t<\/div>\n\t\t<div class=\"elementor-element elementor-element-f365f90 e-flex e-con-boxed e-con e-parent\" data-id=\"f365f90\" data-element_type=\"container\" data-e-type=\"container\">\n\t\t\t\t\t<div class=\"e-con-inner\">\n\t\t<div class=\"elementor-element elementor-element-2d45a1c e-con-full e-flex e-con e-child\" data-id=\"2d45a1c\" data-element_type=\"container\" data-e-type=\"container\">\n\t\t\t\t<\/div>\n\t\t<div class=\"elementor-element elementor-element-429d9f5 e-con-full e-flex e-con e-child\" data-id=\"429d9f5\" data-element_type=\"container\" data-e-type=\"container\">\n\t\t\t\t<div class=\"elementor-element elementor-element-60d34b4 elementor-widget elementor-widget-image\" data-id=\"60d34b4\" data-element_type=\"widget\" data-e-type=\"widget\" data-widget_type=\"image.default\">\n\t\t\t\t\t\t\t\t\t\t\t\t\t\t\t<img fetchpriority=\"high\" decoding=\"async\" width=\"1230\" height=\"675\" src=\"https:\/\/impekk.younasse.com\/wp-content\/uploads\/2025\/03\/about-us-2-default.jpg\" class=\"attachment-full size-full wp-image-13762\" alt=\"\" srcset=\"https:\/\/impekk.younasse.com\/wp-content\/uploads\/2025\/03\/about-us-2-default.jpg 1230w, https:\/\/impekk.younasse.com\/wp-content\/uploads\/2025\/03\/about-us-2-default-900x494.jpg 900w, https:\/\/impekk.younasse.com\/wp-content\/uploads\/2025\/03\/about-us-2-default-300x165.jpg 300w, https:\/\/impekk.younasse.com\/wp-content\/uploads\/2025\/03\/about-us-2-default-1024x562.jpg 1024w, https:\/\/impekk.younasse.com\/wp-content\/uploads\/2025\/03\/about-us-2-default-768x421.jpg 768w, https:\/\/impekk.younasse.com\/wp-content\/uploads\/2025\/03\/about-us-2-default-364x200.jpg 364w\" sizes=\"(max-width: 1230px) 100vw, 1230px\" \/>\t\t\t\t\t\t\t\t\t\t\t\t\t\t\t<\/div>\n\t\t\t\t<\/div>\n\t\t\t\t\t<\/div>\n\t\t\t\t<\/div>\n\t\t\t\t<\/div>\n\t\t","protected":false},"excerpt":{"rendered":"<p>La possibilit\u00e9 de travailler en position assise ou debout pr\u00e9sente de nombreux avantages pour la sant\u00e9. Parmi ceux-ci, on peut citer une meilleure circulation sanguine, une meilleure respiration, une meilleure digestion, ainsi qu\u2019une meilleure concentration et un soulagement des douleurs dorsales. Ce ne sont l\u00e0 que quelques-uns des avantages li\u00e9s au choix d\u2019un espace de travail flexible. Cela dit, tous les besoins ne se ressemblent pas ; c\u2019est pourquoi Impekk propose une large gamme de tables \u00e9l\u00e9vatrices pour r\u00e9pondre \u00e0 vos exigences. Alza est une option qui offre une grande polyvalence dans l\u2019environnement de travail. Cette table de style bistrot \u00e0 hauteur r\u00e9glable peut \u00eatre utilis\u00e9e dans les petites salles de r\u00e9union, les petits bureaux, ainsi que dans les h\u00f4pitaux.<\/p>\n<p>L&#8217;Alza est l&#8217;un de nos mod\u00e8les de tables \u00e9l\u00e9vatrices les plus compacts et les plus polyvalents. Son syst\u00e8me d&#8217;actionnement par v\u00e9rin \u00e0 gaz ne n\u00e9cessite aucun c\u00e2blage et garantit une grande facilit\u00e9 d&#8217;utilisation. Elle est \u00e9galement tr\u00e8s facile \u00e0 d\u00e9placer et s&#8217;adapte \u00e0 de multiples applications. Ce mod\u00e8le est dot\u00e9 d&#8217;un ch\u00e2ssis robuste en aluminium et en acier et offre un fonctionnement manuel fluide. Sa hauteur est r\u00e9glable pour un confort et une flexibilit\u00e9 optimaux.<\/p>\n","protected":false},"featured_media":13041,"template":"","meta":{"_monsterinsights_skip_tracking":false,"_monsterinsights_sitenote_active":false,"_monsterinsights_sitenote_note":"","_monsterinsights_sitenote_category":0},"product_brand":[],"product_cat":[187],"product_tag":[],"class_list":{"0":"post-13795","1":"product","2":"type-product","3":"status-publish","4":"has-post-thumbnail","6":"product_cat-mecanisme-manuel-levier-dactivation","8":"first","9":"instock","10":"shipping-taxable","11":"product-type-simple"},"aioseo_notices":[],"_links":{"self":[{"href":"https:\/\/impekk.younasse.com\/fr\/wp-json\/wp\/v2\/product\/13795","targetHints":{"allow":["GET"]}}],"collection":[{"href":"https:\/\/impekk.younasse.com\/fr\/wp-json\/wp\/v2\/product"}],"about":[{"href":"https:\/\/impekk.younasse.com\/fr\/wp-json\/wp\/v2\/types\/product"}],"wp:featuredmedia":[{"embeddable":true,"href":"https:\/\/impekk.younasse.com\/fr\/wp-json\/wp\/v2\/media\/13041"}],"wp:attachment":[{"href":"https:\/\/impekk.younasse.com\/fr\/wp-json\/wp\/v2\/media?parent=13795"}],"wp:term":[{"taxonomy":"product_brand","embeddable":true,"href":"https:\/\/impekk.younasse.com\/fr\/wp-json\/wp\/v2\/product_brand?post=13795"},{"taxonomy":"product_cat","embeddable":true,"href":"https:\/\/impekk.younasse.com\/fr\/wp-json\/wp\/v2\/product_cat?post=13795"},{"taxonomy":"product_tag","embeddable":true,"href":"https:\/\/impekk.younasse.com\/fr\/wp-json\/wp\/v2\/product_tag?post=13795"}],"curies":[{"name":"wp","href":"https:\/\/api.w.org\/{rel}","templated":true}]}}